{"id":57,"date":"2019-08-24T06:58:34","date_gmt":"2019-08-24T04:58:34","guid":{"rendered":"http:\/\/tadeuszchrzan.pl\/?page_id=57"},"modified":"2020-10-22T20:25:10","modified_gmt":"2020-10-22T18:25:10","slug":"dlaczego-kandyduje","status":"publish","type":"page","link":"https:\/\/tadeuszchrzan.pl\/?page_id=57","title":{"rendered":"MISJA"},"content":{"rendered":"\n<p><em>Szanowni\nPa\u0144stwo,<\/em><\/p>\n\n\n\n<p><em>jestem cz\u0142owiekiem, kt\u00f3ry \u017cyje codzienno\u015bci\u0105, w normalnym \u015bwiecie. Moje do\u015bwiadczenie samorz\u0105dowe da\u0142o mi mo\u017cliwo\u015b\u0107 oceny, jakie sprawy najbardziej poruszaj\u0105 i dotycz\u0105 mieszka\u0144c\u00f3w \u201ema\u0142ych ojczyzn\u201d, takich jak gminy i powiaty. W parlamencie potrzeba mocnego, wyrazistego g\u0142osu samorz\u0105dowca, kt\u00f3ry umie skutecznie zadba\u0107 o nasze wsp\u00f3lne interesy!<\/em><\/p>\n\n\n\n<figure class=\"wp-block-image\"><img loading=\"lazy\" width=\"1024\" height=\"389\" src=\"http:\/\/tadeuszchrzan.pl\/wp-content\/uploads\/2019\/08\/baner_na_stron\u0119-1024x389.jpg\" alt=\"\" class=\"wp-image-255\" srcset=\"https:\/\/tadeuszchrzan.pl\/wp-content\/uploads\/2019\/08\/baner_na_stron\u0119-1024x389.jpg 1024w, https:\/\/tadeuszchrzan.pl\/wp-content\/uploads\/2019\/08\/baner_na_stron\u0119-300x114.jpg 300w, https:\/\/tadeuszchrzan.pl\/wp-content\/uploads\/2019\/08\/baner_na_stron\u0119-768x292.jpg 768w, https:\/\/tadeuszchrzan.pl\/wp-content\/uploads\/2019\/08\/baner_na_stron\u0119.jpg 1920w\" sizes=\"(max-width: 1024px) 100vw, 1024px\" \/><\/figure>\n\n\n\n<p><em>Skuteczno\u015b\u0107\nto cecha, kt\u00f3ra powinna wyr\u00f3\u017cnia\u0107 ka\u017cdego gospodarza. Tylko w\nostatnich czterech latach pozyska\u0142em dodatkowych 200 mln z\u0142otych do\nbud\u017cetu. Obrazowo m\u00f3wi\u0105c, to tyle pieni\u0119dzy, ile w normalnych\nwarunkach Powiat wydaje przez p\u00f3\u0142tora roku! Zosta\u0142y do\u0142o\u017cone do\nsamorz\u0105dowych wydatk\u00f3w. A konkrety o kt\u00f3rych m\u00f3wi\u0119 to:<\/em><\/p>\n\n\n\n<ul><li>\n<em>nowoczesne\n\tbudynki jaros\u0142awskiego szpitala (36 mln z\u0142), <\/em>\n\t\n\t<\/li><li>\n<em>projekty\n\tedukacyjne i wyposa\u017cenie szk\u00f3\u0142 (10 mln z\u0142), <\/em>\n\t\n\t<\/li><li>\n<em>drogi\n\t(70 mln z\u0142), <\/em>\n\t\n\t<\/li><li>\n<em>najwi\u0119ksze\n\tw Polsce scalenia (100 mln z\u0142). <\/em>\n\t\n\t<\/li><li>\n\n\t<em>Powsta\u0142o tak\u017ce centrum\n\tdworcowe PKS, kt\u00f3re nie kosztowa\u0142o nas ani z\u0142ot\u00f3wki, bo\n\tznale\u017ali\u015bmy prywatnego inwestora.<\/em>\n<\/li><\/ul>\n\n\n\n<p><em>Moja\nskuteczno\u015b\u0107 wzro\u015bnie, gdy zostan\u0119 pos\u0142em. Je\u015bli wybierzecie\nmnie, jako Waszego przedstawiciela, to zostan\u0119 z Waszymi codziennymi\nsprawami, troskami i problemami, tak jak to robi\u0119 przez ostatnie 20\nlat pracy samorz\u0105dowca. I jestem przekonany, \u017ce b\u0119dzie to z\nkonkretn\u0105 korzy\u015bci\u0105, bo w dla mnie licz\u0105 si\u0119 konkrety, nie czcze\nobietnice. <\/em>\n<\/p>\n\n\n\n<figure class=\"wp-block-gallery columns-3 is-cropped\"><ul class=\"blocks-gallery-grid\"><li class=\"blocks-gallery-item\"><figure><img loading=\"lazy\" width=\"1024\" height=\"683\" src=\"http:\/\/tadeuszchrzan.pl\/wp-content\/uploads\/2019\/08\/1a_inwestycje-1024x683.jpg\" alt=\"\" data-id=\"220\" data-link=\"http:\/\/tadeuszchrzan.pl\/?attachment_id=220\" class=\"wp-image-220\" srcset=\"https:\/\/tadeuszchrzan.pl\/wp-content\/uploads\/2019\/08\/1a_inwestycje-1024x683.jpg 1024w, https:\/\/tadeuszchrzan.pl\/wp-content\/uploads\/2019\/08\/1a_inwestycje-300x200.jpg 300w, https:\/\/tadeuszchrzan.pl\/wp-content\/uploads\/2019\/08\/1a_inwestycje-768x512.jpg 768w, https:\/\/tadeuszchrzan.pl\/wp-content\/uploads\/2019\/08\/1a_inwestycje-720x480.jpg 720w, https:\/\/tadeuszchrzan.pl\/wp-content\/uploads\/2019\/08\/1a_inwestycje-480x320.jpg 480w\" sizes=\"(max-width: 1024px) 100vw, 1024px\" \/><\/figure><\/li><li class=\"blocks-gallery-item\"><figure><img loading=\"lazy\" width=\"1024\" height=\"683\" src=\"http:\/\/tadeuszchrzan.pl\/wp-content\/uploads\/2019\/08\/2_inwestycje-1024x683.jpg\" alt=\"\" data-id=\"222\" data-link=\"http:\/\/tadeuszchrzan.pl\/?attachment_id=222\" class=\"wp-image-222\" srcset=\"https:\/\/tadeuszchrzan.pl\/wp-content\/uploads\/2019\/08\/2_inwestycje-1024x683.jpg 1024w, https:\/\/tadeuszchrzan.pl\/wp-content\/uploads\/2019\/08\/2_inwestycje-300x200.jpg 300w, https:\/\/tadeuszchrzan.pl\/wp-content\/uploads\/2019\/08\/2_inwestycje-768x512.jpg 768w, https:\/\/tadeuszchrzan.pl\/wp-content\/uploads\/2019\/08\/2_inwestycje-720x480.jpg 720w, https:\/\/tadeuszchrzan.pl\/wp-content\/uploads\/2019\/08\/2_inwestycje-480x320.jpg 480w\" sizes=\"(max-width: 1024px) 100vw, 1024px\" \/><\/figure><\/li><li class=\"blocks-gallery-item\"><figure><img loading=\"lazy\" width=\"1024\" height=\"683\" src=\"http:\/\/tadeuszchrzan.pl\/wp-content\/uploads\/2019\/08\/3a_inwestycje-1024x683.jpg\" alt=\"\" data-id=\"223\" data-link=\"http:\/\/tadeuszchrzan.pl\/?attachment_id=223\" class=\"wp-image-223\" srcset=\"https:\/\/tadeuszchrzan.pl\/wp-content\/uploads\/2019\/08\/3a_inwestycje-1024x683.jpg 1024w, https:\/\/tadeuszchrzan.pl\/wp-content\/uploads\/2019\/08\/3a_inwestycje-300x200.jpg 300w, https:\/\/tadeuszchrzan.pl\/wp-content\/uploads\/2019\/08\/3a_inwestycje-768x512.jpg 768w, https:\/\/tadeuszchrzan.pl\/wp-content\/uploads\/2019\/08\/3a_inwestycje-720x480.jpg 720w, https:\/\/tadeuszchrzan.pl\/wp-content\/uploads\/2019\/08\/3a_inwestycje-480x320.jpg 480w\" sizes=\"(max-width: 1024px) 100vw, 1024px\" \/><\/figure><\/li><li class=\"blocks-gallery-item\"><figure><img loading=\"lazy\" width=\"1024\" height=\"683\" src=\"http:\/\/tadeuszchrzan.pl\/wp-content\/uploads\/2019\/08\/3_inwestycje-1024x683.jpg\" alt=\"\" data-id=\"224\" data-link=\"http:\/\/tadeuszchrzan.pl\/?attachment_id=224\" class=\"wp-image-224\" srcset=\"https:\/\/tadeuszchrzan.pl\/wp-content\/uploads\/2019\/08\/3_inwestycje-1024x683.jpg 1024w, https:\/\/tadeuszchrzan.pl\/wp-content\/uploads\/2019\/08\/3_inwestycje-300x200.jpg 300w, https:\/\/tadeuszchrzan.pl\/wp-content\/uploads\/2019\/08\/3_inwestycje-768x512.jpg 768w, https:\/\/tadeuszchrzan.pl\/wp-content\/uploads\/2019\/08\/3_inwestycje-720x480.jpg 720w, https:\/\/tadeuszchrzan.pl\/wp-content\/uploads\/2019\/08\/3_inwestycje-480x320.jpg 480w\" sizes=\"(max-width: 1024px) 100vw, 1024px\" \/><\/figure><\/li><li class=\"blocks-gallery-item\"><figure><img loading=\"lazy\" width=\"1024\" height=\"683\" src=\"http:\/\/tadeuszchrzan.pl\/wp-content\/uploads\/2019\/08\/4_inwestycje-1024x683.jpg\" alt=\"\" data-id=\"225\" data-link=\"http:\/\/tadeuszchrzan.pl\/?attachment_id=225\" class=\"wp-image-225\" srcset=\"https:\/\/tadeuszchrzan.pl\/wp-content\/uploads\/2019\/08\/4_inwestycje-1024x683.jpg 1024w, https:\/\/tadeuszchrzan.pl\/wp-content\/uploads\/2019\/08\/4_inwestycje-300x200.jpg 300w, https:\/\/tadeuszchrzan.pl\/wp-content\/uploads\/2019\/08\/4_inwestycje-768x512.jpg 768w, https:\/\/tadeuszchrzan.pl\/wp-content\/uploads\/2019\/08\/4_inwestycje-720x480.jpg 720w, https:\/\/tadeuszchrzan.pl\/wp-content\/uploads\/2019\/08\/4_inwestycje-480x320.jpg 480w\" sizes=\"(max-width: 1024px) 100vw, 1024px\" \/><\/figure><\/li><li class=\"blocks-gallery-item\"><figure><img loading=\"lazy\" width=\"1024\" height=\"683\" src=\"http:\/\/tadeuszchrzan.pl\/wp-content\/uploads\/2019\/08\/5_inwestycje-1024x683.jpg\" alt=\"\" data-id=\"226\" data-link=\"http:\/\/tadeuszchrzan.pl\/?attachment_id=226\" class=\"wp-image-226\" srcset=\"https:\/\/tadeuszchrzan.pl\/wp-content\/uploads\/2019\/08\/5_inwestycje-1024x683.jpg 1024w, https:\/\/tadeuszchrzan.pl\/wp-content\/uploads\/2019\/08\/5_inwestycje-300x200.jpg 300w, https:\/\/tadeuszchrzan.pl\/wp-content\/uploads\/2019\/08\/5_inwestycje-768x512.jpg 768w, https:\/\/tadeuszchrzan.pl\/wp-content\/uploads\/2019\/08\/5_inwestycje-720x480.jpg 720w, https:\/\/tadeuszchrzan.pl\/wp-content\/uploads\/2019\/08\/5_inwestycje-480x320.jpg 480w\" sizes=\"(max-width: 1024px) 100vw, 1024px\" \/><\/figure><\/li><li class=\"blocks-gallery-item\"><figure><img loading=\"lazy\" width=\"969\" height=\"682\" src=\"http:\/\/tadeuszchrzan.pl\/wp-content\/uploads\/2019\/08\/6_inwestycje.jpg\" alt=\"\" data-id=\"227\" data-link=\"http:\/\/tadeuszchrzan.pl\/?attachment_id=227\" class=\"wp-image-227\" srcset=\"https:\/\/tadeuszchrzan.pl\/wp-content\/uploads\/2019\/08\/6_inwestycje.jpg 969w, https:\/\/tadeuszchrzan.pl\/wp-content\/uploads\/2019\/08\/6_inwestycje-300x211.jpg 300w, https:\/\/tadeuszchrzan.pl\/wp-content\/uploads\/2019\/08\/6_inwestycje-768x541.jpg 768w\" sizes=\"(max-width: 969px) 100vw, 969px\" \/><\/figure><\/li><li class=\"blocks-gallery-item\"><figure><img loading=\"lazy\" width=\"1024\" height=\"683\" src=\"http:\/\/tadeuszchrzan.pl\/wp-content\/uploads\/2019\/08\/7_dziedzictwo-1024x683.jpg\" alt=\"\" data-id=\"228\" data-link=\"http:\/\/tadeuszchrzan.pl\/?attachment_id=228\" class=\"wp-image-228\" srcset=\"https:\/\/tadeuszchrzan.pl\/wp-content\/uploads\/2019\/08\/7_dziedzictwo-1024x683.jpg 1024w, https:\/\/tadeuszchrzan.pl\/wp-content\/uploads\/2019\/08\/7_dziedzictwo-300x200.jpg 300w, https:\/\/tadeuszchrzan.pl\/wp-content\/uploads\/2019\/08\/7_dziedzictwo-768x512.jpg 768w, https:\/\/tadeuszchrzan.pl\/wp-content\/uploads\/2019\/08\/7_dziedzictwo-720x480.jpg 720w, https:\/\/tadeuszchrzan.pl\/wp-content\/uploads\/2019\/08\/7_dziedzictwo-480x320.jpg 480w\" sizes=\"(max-width: 1024px) 100vw, 1024px\" \/><\/figure><\/li><li class=\"blocks-gallery-item\"><figure><img loading=\"lazy\" width=\"1024\" height=\"683\" src=\"http:\/\/tadeuszchrzan.pl\/wp-content\/uploads\/2019\/08\/8_dziedzictwo-1024x683.jpg\" alt=\"\" data-id=\"229\" data-link=\"http:\/\/tadeuszchrzan.pl\/?attachment_id=229\" class=\"wp-image-229\" srcset=\"https:\/\/tadeuszchrzan.pl\/wp-content\/uploads\/2019\/08\/8_dziedzictwo-1024x683.jpg 1024w, https:\/\/tadeuszchrzan.pl\/wp-content\/uploads\/2019\/08\/8_dziedzictwo-300x200.jpg 300w, https:\/\/tadeuszchrzan.pl\/wp-content\/uploads\/2019\/08\/8_dziedzictwo-768x512.jpg 768w, https:\/\/tadeuszchrzan.pl\/wp-content\/uploads\/2019\/08\/8_dziedzictwo-720x480.jpg 720w, https:\/\/tadeuszchrzan.pl\/wp-content\/uploads\/2019\/08\/8_dziedzictwo-480x320.jpg 480w\" sizes=\"(max-width: 1024px) 100vw, 1024px\" \/><\/figure><\/li><li class=\"blocks-gallery-item\"><figure><img loading=\"lazy\" width=\"1024\" height=\"683\" src=\"http:\/\/tadeuszchrzan.pl\/wp-content\/uploads\/2019\/08\/1_inwestycje-1024x683.jpg\" alt=\"\" data-id=\"221\" data-link=\"http:\/\/tadeuszchrzan.pl\/?attachment_id=221\" class=\"wp-image-221\" srcset=\"https:\/\/tadeuszchrzan.pl\/wp-content\/uploads\/2019\/08\/1_inwestycje-1024x683.jpg 1024w, https:\/\/tadeuszchrzan.pl\/wp-content\/uploads\/2019\/08\/1_inwestycje-300x200.jpg 300w, https:\/\/tadeuszchrzan.pl\/wp-content\/uploads\/2019\/08\/1_inwestycje-768x512.jpg 768w, https:\/\/tadeuszchrzan.pl\/wp-content\/uploads\/2019\/08\/1_inwestycje-720x480.jpg 720w, https:\/\/tadeuszchrzan.pl\/wp-content\/uploads\/2019\/08\/1_inwestycje-480x320.jpg 480w\" sizes=\"(max-width: 1024px) 100vw, 1024px\" \/><\/figure><\/li><\/ul><\/figure>\n","protected":false},"excerpt":{"rendered":"<p>Szanowni Pa\u0144stwo, jestem cz\u0142owiekiem, kt\u00f3ry \u017cyje codzienno\u015bci\u0105, w normalnym \u015bwiecie. Moje do\u015bwiadczenie samorz\u0105dowe da\u0142o mi mo\u017cliwo\u015b\u0107 oceny, jakie sprawy najbardziej poruszaj\u0105 i dotycz\u0105 mieszka\u0144c\u00f3w \u201ema\u0142ych [&hellip;]<\/p>\n","protected":false},"author":1,"featured_media":0,"parent":0,"menu_order":0,"comment_status":"closed","ping_status":"closed","template":"","meta":[],"_links":{"self":[{"href":"https:\/\/tadeuszchrzan.pl\/index.php?rest_route=\/wp\/v2\/pages\/57"}],"collection":[{"href":"https:\/\/tadeuszchrzan.pl\/index.php?rest_route=\/wp\/v2\/pages"}],"about":[{"href":"https:\/\/tadeuszchrzan.pl\/index.php?rest_route=\/wp\/v2\/types\/page"}],"author":[{"embeddable":true,"href":"https:\/\/tadeuszchrzan.pl\/index.php?rest_route=\/wp\/v2\/users\/1"}],"replies":[{"embeddable":true,"href":"https:\/\/tadeuszchrzan.pl\/index.php?rest_route=%2Fwp%2Fv2%2Fcomments&post=57"}],"version-history":[{"count":7,"href":"https:\/\/tadeuszchrzan.pl\/index.php?rest_route=\/wp\/v2\/pages\/57\/revisions"}],"predecessor-version":[{"id":435,"href":"https:\/\/tadeuszchrzan.pl\/index.php?rest_route=\/wp\/v2\/pages\/57\/revisions\/435"}],"wp:attachment":[{"href":"https:\/\/tadeuszchrzan.pl\/index.php?rest_route=%2Fwp%2Fv2%2Fmedia&parent=57"}],"curies":[{"name":"wp","href":"https:\/\/api.w.org\/{rel}","templated":true}]}}