{"id":2,"date":"2019-08-18T07:55:53","date_gmt":"2019-08-18T05:55:53","guid":{"rendered":"http:\/\/nctzvkg.cluster020.hosting.ovh.net\/?page_id=2"},"modified":"2020-10-23T09:41:25","modified_gmt":"2020-10-23T07:41:25","slug":"page-d-exemple","status":"publish","type":"page","link":"https:\/\/tadeuszchrzan.pl\/?page_id=2","title":{"rendered":"O mnie"},"content":{"rendered":"\n<div class=\"wp-block-image is-style-rounded\"><figure class=\"aligncenter size-large\"><img loading=\"lazy\" width=\"362\" height=\"383\" src=\"https:\/\/tadeuszchrzan.pl\/wp-content\/uploads\/2020\/10\/zdjecie-profilowe.jpg\" alt=\"\" class=\"wp-image-447\" srcset=\"https:\/\/tadeuszchrzan.pl\/wp-content\/uploads\/2020\/10\/zdjecie-profilowe.jpg 362w, https:\/\/tadeuszchrzan.pl\/wp-content\/uploads\/2020\/10\/zdjecie-profilowe-284x300.jpg 284w\" sizes=\"(max-width: 362px) 100vw, 362px\" \/><\/figure><\/div>\n\n\n\n<p>Uko\u0144czy\u0142em Technikum Drogowo-Geodezyjne w Jaros\u0142awiu na kierunku geodezja, studia na Politechnice Lubelskiej &#8211; kierunek Zarz\u0105dzanie oraz studia podyplomowe w Wy\u017cszej Szkole Mened\u017cerskiej w Warszawie \u2013 w zakresie Master of Business Administration (MBA).<\/p>\n\n\n\n<p>Od pocz\u0105tku lat 80-tych dzia\u0142a\u0142em w podziemnych strukturach Federacji M\u0142odzie\u017cy Walcz\u0105cej, a od 1991 r. w Konfederacji Polski Niepodleg\u0142ej. Po rozwi\u0105zaniu KPN, wst\u0105pi\u0142em do Prawa i Sprawiedliwo\u015bci (cz\u0142onek Zarz\u0105du Okr\u0119gu, delegat na Kongres Krajowy, cz\u0142onek Rady Politycznej). W kadencji: 2006 &#8211; 2010 oraz 2014 &#8211; 2018 piastowa\u0142em urz\u0105d starosty jaros\u0142awskiego. Starost\u0105 zosta\u0142em wybrany ponownie w listopadzie 2018 r. Jestem \u017conaty, mam dwoje dzieci.<\/p>\n\n\n\n<p>W presti\u017cowym konkursie <em>Podkarpacka Nagroda Samorz\u0105dowa<\/em> zosta\u0142em wybrany Najlepszym Starost\u0105 Podkarpacia kadencji 2014 &#8211; 2018, a Powiat Jaros\u0142awski uzyska\u0142 tytu\u0142 najlepszego powiatu Wojew\u00f3dztwa Podkarpackiego. W 2018 r. zosta\u0142em  uhonorowany  przez  Zwi\u0105zek Powiat\u00f3w Polskich tytu\u0142em \u201eSamorz\u0105dowiec 20-lecia\u201d. W roku 2019 wybrano mnie na stanowisko  wiceprezesa ZPP. Prezydent Andrzej Duda odznaczy\u0142 mnie Srebrnym Krzy\u017cem Zas\u0142ugi.<br> <br><\/p>\n\n\n\n\n","protected":false},"excerpt":{"rendered":"<p>Uko\u0144czy\u0142em Technikum Drogowo-Geodezyjne w Jaros\u0142awiu na kierunku geodezja, studia na Politechnice Lubelskiej &#8211; kierunek Zarz\u0105dzanie oraz studia podyplomowe w Wy\u017cszej Szkole Mened\u017cerskiej w Warszawie \u2013 [&hellip;]<\/p>\n","protected":false},"author":1,"featured_media":0,"parent":0,"menu_order":0,"comment_status":"closed","ping_status":"open","template":"","meta":[],"_links":{"self":[{"href":"https:\/\/tadeuszchrzan.pl\/index.php?rest_route=\/wp\/v2\/pages\/2"}],"collection":[{"href":"https:\/\/tadeuszchrzan.pl\/index.php?rest_route=\/wp\/v2\/pages"}],"about":[{"href":"https:\/\/tadeuszchrzan.pl\/index.php?rest_route=\/wp\/v2\/types\/page"}],"author":[{"embeddable":true,"href":"https:\/\/tadeuszchrzan.pl\/index.php?rest_route=\/wp\/v2\/users\/1"}],"replies":[{"embeddable":true,"href":"https:\/\/tadeuszchrzan.pl\/index.php?rest_route=%2Fwp%2Fv2%2Fcomments&post=2"}],"version-history":[{"count":10,"href":"https:\/\/tadeuszchrzan.pl\/index.php?rest_route=\/wp\/v2\/pages\/2\/revisions"}],"predecessor-version":[{"id":448,"href":"https:\/\/tadeuszchrzan.pl\/index.php?rest_route=\/wp\/v2\/pages\/2\/revisions\/448"}],"wp:attachment":[{"href":"https:\/\/tadeuszchrzan.pl\/index.php?rest_route=%2Fwp%2Fv2%2Fmedia&parent=2"}],"curies":[{"name":"wp","href":"https:\/\/api.w.org\/{rel}","templated":true}]}}