{"id":1599,"date":"2021-06-30T13:55:57","date_gmt":"2021-06-30T11:55:57","guid":{"rendered":"https:\/\/tadeuszchrzan.pl\/?page_id=1599"},"modified":"2021-10-01T13:08:23","modified_gmt":"2021-10-01T11:08:23","slug":"kontakt","status":"publish","type":"page","link":"https:\/\/tadeuszchrzan.pl\/?page_id=1599","title":{"rendered":"Kontakt"},"content":{"rendered":"\n<figure class=\"wp-block-image size-large\"><img loading=\"lazy\" width=\"1024\" height=\"672\" src=\"https:\/\/tadeuszchrzan.pl\/wp-content\/uploads\/2021\/06\/red-50-92-biura-chrzan-1-1024x672.jpg\" alt=\"\" class=\"wp-image-1606\" srcset=\"https:\/\/tadeuszchrzan.pl\/wp-content\/uploads\/2021\/06\/red-50-92-biura-chrzan-1-1024x672.jpg 1024w, https:\/\/tadeuszchrzan.pl\/wp-content\/uploads\/2021\/06\/red-50-92-biura-chrzan-1-300x197.jpg 300w, https:\/\/tadeuszchrzan.pl\/wp-content\/uploads\/2021\/06\/red-50-92-biura-chrzan-1-768x504.jpg 768w, https:\/\/tadeuszchrzan.pl\/wp-content\/uploads\/2021\/06\/red-50-92-biura-chrzan-1-1536x1008.jpg 1536w, https:\/\/tadeuszchrzan.pl\/wp-content\/uploads\/2021\/06\/red-50-92-biura-chrzan-1.jpg 2015w\" sizes=\"(max-width: 1024px) 100vw, 1024px\" \/><\/figure>\n\n\n\n<p>Biuro Poselskie Pos\u0142a na Sejm RP Tadeusza Chrzana jest otwarte  <\/p>\n\n\n\n<p>w godz. 9.00 &#8211; 15.00 od poniedzia\u0142ku do pi\u0105tku <\/p>\n\n\n\n<p>przy ul. Jana Paw\u0142a II 17, 37-500 Jaros\u0142aw, budynek Starostwa Powiatowego w Jaros\u0142awiu, III pi\u0119tro, p. nr 329, <\/p>\n\n\n\n<p><\/p>\n\n\n\n<h2>tel. 16 624 63 01 , <\/h2>\n\n\n\n<h2>e-mail: tadeusz.chrzan@sejm.pl<\/h2>\n\n\n\n<p><\/p>\n\n\n\n<p><\/p>\n","protected":false},"excerpt":{"rendered":"<p>Biuro Poselskie Pos\u0142a na Sejm RP Tadeusza Chrzana jest otwarte w godz. 9.00 &#8211; 15.00 od poniedzia\u0142ku do pi\u0105tku przy ul. Jana Paw\u0142a II 17, [&hellip;]<\/p>\n","protected":false},"author":1,"featured_media":0,"parent":0,"menu_order":0,"comment_status":"closed","ping_status":"closed","template":"","meta":[],"_links":{"self":[{"href":"https:\/\/tadeuszchrzan.pl\/index.php?rest_route=\/wp\/v2\/pages\/1599"}],"collection":[{"href":"https:\/\/tadeuszchrzan.pl\/index.php?rest_route=\/wp\/v2\/pages"}],"about":[{"href":"https:\/\/tadeuszchrzan.pl\/index.php?rest_route=\/wp\/v2\/types\/page"}],"author":[{"embeddable":true,"href":"https:\/\/tadeuszchrzan.pl\/index.php?rest_route=\/wp\/v2\/users\/1"}],"replies":[{"embeddable":true,"href":"https:\/\/tadeuszchrzan.pl\/index.php?rest_route=%2Fwp%2Fv2%2Fcomments&post=1599"}],"version-history":[{"count":3,"href":"https:\/\/tadeuszchrzan.pl\/index.php?rest_route=\/wp\/v2\/pages\/1599\/revisions"}],"predecessor-version":[{"id":2563,"href":"https:\/\/tadeuszchrzan.pl\/index.php?rest_route=\/wp\/v2\/pages\/1599\/revisions\/2563"}],"wp:attachment":[{"href":"https:\/\/tadeuszchrzan.pl\/index.php?rest_route=%2Fwp%2Fv2%2Fmedia&parent=1599"}],"curies":[{"name":"wp","href":"https:\/\/api.w.org\/{rel}","templated":true}]}}